{"id":823,"date":"2021-11-29T12:00:21","date_gmt":"2021-11-29T12:00:21","guid":{"rendered":"https:\/\/visualitynq.com\/?page_id=823"},"modified":"2025-12-28T14:11:09","modified_gmt":"2025-12-28T13:11:09","slug":"supported-versions","status":"publish","type":"page","link":"https:\/\/visualitynq.com\/de\/support\/supported-versions\/","title":{"rendered":"Unterstutzte Releases"},"content":{"rendered":"\t\t<div data-elementor-type=\"wp-page\" data-elementor-id=\"823\" class=\"elementor elementor-823\">\n\t\t\t\t\t\t\t\t\t<section data-particle_enable=\"false\" data-particle-mobile-disabled=\"false\" class=\"elementor-section elementor-top-section elementor-element elementor-element-106059cb elementor-section-boxed elementor-section-height-default elementor-section-height-default\" data-id=\"106059cb\" data-element_type=\"section\">\n\t\t\t\t\t\t<div class=\"elementor-container elementor-column-gap-default\">\n\t\t\t\t\t<div class=\"elementor-column elementor-col-100 elementor-top-column elementor-element elementor-element-2b531f05\" data-id=\"2b531f05\" data-element_type=\"column\">\n\t\t\t<div class=\"elementor-widget-wrap\">\n\t\t\t\t\t\t\t\t\t<\/div>\n\t\t<\/div>\n\t\t\t\t\t\t\t<\/div>\n\t\t<\/section>\n\t\t\t\t<section data-particle_enable=\"false\" data-particle-mobile-disabled=\"false\" class=\"elementor-section elementor-top-section elementor-element elementor-element-209541c elementor-section-boxed elementor-section-height-default elementor-section-height-default\" data-id=\"209541c\" data-element_type=\"section\">\n\t\t\t\t\t\t<div class=\"elementor-container elementor-column-gap-default\">\n\t\t\t\t\t<div class=\"elementor-column elementor-col-50 elementor-top-column elementor-element elementor-element-3c2e236\" data-id=\"3c2e236\" data-element_type=\"column\">\n\t\t\t<div class=\"elementor-widget-wrap elementor-element-populated\">\n\t\t\t\t\t\t\t\t<div class=\"elementor-element elementor-element-c1bcdb0 elementor-widget elementor-widget-heading\" data-id=\"c1bcdb0\" data-element_type=\"widget\" data-widget_type=\"heading.default\">\n\t\t\t\t<div class=\"elementor-widget-container\">\n\t\t\t<style>\/*! elementor - v3.6.7 - 03-07-2022 *\/\n.elementor-heading-title{padding:0;margin:0;line-height:1}.elementor-widget-heading .elementor-heading-title[class*=elementor-size-]>a{color:inherit;font-size:inherit;line-height:inherit}.elementor-widget-heading .elementor-heading-title.elementor-size-small{font-size:15px}.elementor-widget-heading .elementor-heading-title.elementor-size-medium{font-size:19px}.elementor-widget-heading .elementor-heading-title.elementor-size-large{font-size:29px}.elementor-widget-heading .elementor-heading-title.elementor-size-xl{font-size:39px}.elementor-widget-heading .elementor-heading-title.elementor-size-xxl{font-size:59px}<\/style><h1 class=\"elementor-heading-title elementor-size-default\">Unterst\u00fctzte Releases<\/h1>\t\t<\/div>\n\t\t\t\t<\/div>\n\t\t\t\t\t<\/div>\n\t\t<\/div>\n\t\t\t\t<div class=\"elementor-column elementor-col-50 elementor-top-column elementor-element elementor-element-ac2cc1f\" data-id=\"ac2cc1f\" data-element_type=\"column\">\n\t\t\t<div class=\"elementor-widget-wrap elementor-element-populated\">\n\t\t\t\t\t\t\t\t<div class=\"elementor-element elementor-element-1f8a448 elementor-widget elementor-widget-image\" data-id=\"1f8a448\" data-element_type=\"widget\" data-widget_type=\"image.default\">\n\t\t\t\t<div class=\"elementor-widget-container\">\n\t\t\t<style>\/*! elementor - v3.6.7 - 03-07-2022 *\/\n.elementor-widget-image{text-align:center}.elementor-widget-image a{display:inline-block}.elementor-widget-image a img[src$=\".svg\"]{width:48px}.elementor-widget-image img{vertical-align:middle;display:inline-block}<\/style>\t\t\t\t\t\t\t\t\t\t\t\t<img decoding=\"async\" width=\"337\" height=\"296\" src=\"https:\/\/visualitynq.com\/app\/uploads\/sites\/4\/graphics.svg\" class=\"attachment-large size-large\" alt=\"\" \/>\t\t\t\t\t\t\t\t\t\t\t\t\t\t\t<\/div>\n\t\t\t\t<\/div>\n\t\t\t\t\t<\/div>\n\t\t<\/div>\n\t\t\t\t\t\t\t<\/div>\n\t\t<\/section>\n\t\t\t\t<section data-particle_enable=\"false\" data-particle-mobile-disabled=\"false\" class=\"elementor-section elementor-top-section elementor-element elementor-element-b2b3320 elementor-section-boxed elementor-section-height-default elementor-section-height-default\" data-id=\"b2b3320\" data-element_type=\"section\">\n\t\t\t\t\t\t<div class=\"elementor-container elementor-column-gap-default\">\n\t\t\t\t\t<div class=\"elementor-column elementor-col-100 elementor-top-column elementor-element elementor-element-2fb7583\" data-id=\"2fb7583\" data-element_type=\"column\">\n\t\t\t<div class=\"elementor-widget-wrap elementor-element-populated\">\n\t\t\t\t\t\t\t\t<div class=\"elementor-element elementor-element-435203b elementor-widget__width-initial elementor-widget elementor-widget-heading\" data-id=\"435203b\" data-element_type=\"widget\" data-widget_type=\"heading.default\">\n\t\t\t\t<div class=\"elementor-widget-container\">\n\t\t\t<h2 class=\"elementor-heading-title elementor-size-default\">UNTERST\u00dcTZTE RELEASES - YNQ<\/h2>\t\t<\/div>\n\t\t\t\t<\/div>\n\t\t\t\t<div class=\"elementor-element elementor-element-656fb7f elementor-widget elementor-widget-text-editor\" data-id=\"656fb7f\" data-element_type=\"widget\" data-widget_type=\"text-editor.default\">\n\t\t\t\t<div class=\"elementor-widget-container\">\n\t\t\t<style>\/*! elementor - v3.6.7 - 03-07-2022 *\/\n.elementor-widget-text-editor.elementor-drop-cap-view-stacked .elementor-drop-cap{background-color:#818a91;color:#fff}.elementor-widget-text-editor.elementor-drop-cap-view-framed .elementor-drop-cap{color:#818a91;border:3px solid;background-color:transparent}.elementor-widget-text-editor:not(.elementor-drop-cap-view-default) .elementor-drop-cap{margin-top:8px}.elementor-widget-text-editor:not(.elementor-drop-cap-view-default) .elementor-drop-cap-letter{width:1em;height:1em}.elementor-widget-text-editor .elementor-drop-cap{float:left;text-align:center;line-height:1;font-size:50px}.elementor-widget-text-editor .elementor-drop-cap-letter{display:inline-block}<\/style>\t\t\t\t<p>Jede Hauptversion von YNQ wird ab ihrem Ver\u00f6ffentlichungsdatum f\u00fcr drei Jahre vollst\u00e4ndig unterst\u00fctzt. <\/p><p>W\u00e4hrend der dreij\u00e4hrigen Lebensdauer einer Hauptversion werden kleinere Verbesserungen, Sicherheitsprobleme und gemeldete Fehlerbehebungen in regelm\u00e4\u00dfigen Support-Versionen ver\u00f6ffentlicht.<\/p><p>Nach drei Jahren erreicht eine Hauptversion von YNQ ihr End-of-Life (EOL) und wird nicht mehr unterst\u00fctzt.<\/p>\t\t\t\t\t\t<\/div>\n\t\t\t\t<\/div>\n\t\t\t\t\t<\/div>\n\t\t<\/div>\n\t\t\t\t\t\t\t<\/div>\n\t\t<\/section>\n\t\t\t\t<section data-particle_enable=\"false\" data-particle-mobile-disabled=\"false\" class=\"elementor-section elementor-top-section elementor-element elementor-element-380239a vyn-table elementor-section-boxed elementor-section-height-default elementor-section-height-default\" data-id=\"380239a\" data-element_type=\"section\">\n\t\t\t\t\t\t<div class=\"elementor-container elementor-column-gap-no\">\n\t\t\t\t\t<div class=\"elementor-column elementor-col-100 elementor-top-column elementor-element elementor-element-5ec6138\" data-id=\"5ec6138\" data-element_type=\"column\">\n\t\t\t<div class=\"elementor-widget-wrap elementor-element-populated\">\n\t\t\t\t\t\t\t\t<div class=\"elementor-element elementor-element-74749ad elementor-widget elementor-widget-eael-advanced-data-table\" data-id=\"74749ad\" data-element_type=\"widget\" data-widget_type=\"eael-advanced-data-table.default\">\n\t\t\t\t<div class=\"elementor-widget-container\">\n\t\t\t<div class=\"ea-advanced-data-table-wrap\" data-id=\"74749ad\"><div class=\"ea-advanced-data-table-wrap-inner\">\n                <table class=\"ea-advanced-data-table ea-advanced-data-table-google ea-advanced-data-table-74749ad\" data-id=\"74749ad\"><thead><tr><th>Major Version<\/th><th>Support Version<\/th><th>Release Date<\/th><th>Release Age<\/th><th>End Of Life (EOL)<\/th><th>Time to EOL<\/th><\/tr><\/thead><tbody><tr><td><a href=\"https:\/\/visualitynq.com\/resources\/news\/new-release-ynq-2-5-0\/\" target=\"_blank\">2.5.x<\/a><\/td><td>2.5.0<\/td><td>03\/17\/2026<\/td><td>19 days<\/td><td>03\/17\/2029<\/td><td>2 years 11 months 12 days<\/td><\/tr><tr><td><a href=\"https:\/\/visualitynq.com\/resources\/news\/new-release-ynq-2-4-0\/\" target=\"_blank\">2.4.x<\/a><\/td><td>2.4.1<\/td><td>01\/13\/2026<\/td><td>2 months 23 days<\/td><td>01\/13\/2029<\/td><td>2 years 9 months 8 days<\/td><\/tr><tr><td><a href=\"https:\/\/visualitynq.com\/resources\/news\/new-release-ynq-2-3-0\/\" target=\"_blank\">2.3.x<\/a><\/td><td>2.3.1<\/td><td>05\/29\/2025<\/td><td>10 months 7 days<\/td><td>05\/29\/2028<\/td><td>2 years 1 month 24 days<\/td><\/tr><tr><td><a href=\"https:\/\/visualitynq.com\/resources\/news\/new-release-ynq-2-2-0\/\" target=\"_blank\">2.2.x<\/a><\/td><td>2.2.3<\/td><td>09\/25\/2024<\/td><td>1 years 6 months 11 days<\/td><td>09\/25\/2027<\/td><td>1 year 5 months 20 days<\/td><\/tr><tr><td><a href=\"https:\/\/visualitynq.com\/resources\/news\/new-release-ynq-2-1-0\/\" target=\"_blank\">2.1.x<\/a><\/td><td>2.1.2<\/td><td>11\/22\/2023<\/td><td>2 years 4 months 14 days<\/td><td>11\/22\/2026<\/td><td>7 months 17 days<\/td><\/tr><tr><td><a href=\"https:\/\/visualitynq.com\/resources\/news\/new-release-ynq-2-0-0\/\" target=\"_blank\">2.0.x<\/a><\/td><td>2.0.0<\/td><td>06\/19\/2023<\/td><td>2 years 9 months 17 days<\/td><td>06\/19\/2026<\/td><td>2 months 14 days<\/td><\/tr><tr><td><a href=\"https:\/\/visualitynq.com\/resources\/news\/new-release-ynq-1-8-0\/\" target=\"_blank\">1.8.x<\/a><\/td><td>1.8.7<\/td><td>06\/06\/2022<\/td><td>More than 3 years<\/td><td>06\/06\/2025<\/td><td>Discontinued<\/td><\/tr><tr><td><a href=\"https:\/\/visualitynq.com\/resources\/news\/new-release-ynq-1-7-0\/\" target=\"_blank\">1.7.x<\/a><\/td><td>1.7.6<\/td><td>03\/06\/2022<\/td><td>More than 3 years<\/td><td>03\/06\/2025<\/td><td>Discontinued<\/td><\/tr><tr><td>1.6.x<\/td><td>1.6.8<\/td><td>06\/02\/2021<\/td><td>More than 3 years<\/td><td>06\/02\/2024<\/td><td>Discontinued<\/td><\/tr><tr><td>1.5.x<\/td><td>1.5.4<\/td><td>03\/24\/2021<\/td><td>More than 3 years<\/td><td>03\/24\/2024<\/td><td>Discontinued<\/td><\/tr><tr><td>1.4.x<\/td><td>1.4.8<\/td><td>09\/30\/2020<\/td><td>More than 3 years<\/td><td>09\/30\/2023<\/td><td>Discontinued<\/td><\/tr><tr><td>1.3.x<\/td><td>1.3.6<\/td><td>06\/29\/2020<\/td><td>More than 3 years<\/td><td>06\/29\/2023<\/td><td>Discontinued<\/td><\/tr><tr><td>1.2.x<\/td><td>1.2.5<\/td><td>10\/31\/2019<\/td><td>More than 3 years<\/td><td>10\/31\/2022<\/td><td>Discontinued<\/td><\/tr><\/tbody><\/table>\n            <\/div><\/div>\t\t<\/div>\n\t\t\t\t<\/div>\n\t\t\t\t\t<\/div>\n\t\t<\/div>\n\t\t\t\t\t\t\t<\/div>\n\t\t<\/section>\n\t\t\t\t<section data-particle_enable=\"false\" data-particle-mobile-disabled=\"false\" class=\"elementor-section elementor-top-section elementor-element elementor-element-e258c63 elementor-section-boxed elementor-section-height-default elementor-section-height-default\" data-id=\"e258c63\" data-element_type=\"section\" data-settings=\"{&quot;background_background&quot;:&quot;classic&quot;}\">\n\t\t\t\t\t\t<div class=\"elementor-container elementor-column-gap-default\">\n\t\t\t\t\t<div class=\"elementor-column elementor-col-100 elementor-top-column elementor-element elementor-element-2c50ef0\" data-id=\"2c50ef0\" data-element_type=\"column\">\n\t\t\t<div class=\"elementor-widget-wrap elementor-element-populated\">\n\t\t\t\t\t\t\t\t<div class=\"elementor-element elementor-element-d88bb02 elementor-widget__width-initial elementor-widget elementor-widget-heading\" data-id=\"d88bb02\" data-element_type=\"widget\" data-widget_type=\"heading.default\">\n\t\t\t\t<div class=\"elementor-widget-container\">\n\t\t\t<h2 class=\"elementor-heading-title elementor-size-default\">UNTERST\u00dcTZTE RELEASES - jNQ<\/h2>\t\t<\/div>\n\t\t\t\t<\/div>\n\t\t\t\t<div class=\"elementor-element elementor-element-1c6d0ec elementor-widget elementor-widget-text-editor\" data-id=\"1c6d0ec\" data-element_type=\"widget\" data-widget_type=\"text-editor.default\">\n\t\t\t\t<div class=\"elementor-widget-container\">\n\t\t\t\t\t\t\t<p>Jede Hauptversion von jNQ wird ab ihrem Ver\u00f6ffentlichungsdatum f\u00fcr drei Jahre vollst\u00e4ndig unterst\u00fctzt.<\/p><p>W\u00e4hrend der dreij\u00e4hrigen Lebensdauer einer Hauptversion werden kleinere Verbesserungen, Sicherheitsprobleme und gemeldete Fehlerbehebungen in regelm\u00e4\u00dfigen Support-Versionen ver\u00f6ffentlicht.<\/p><p>Nach drei Jahren erreicht eine Hauptversion von jNQ ihr End-of-Life (EOL) und wird nicht mehr unterst\u00fctzt.<\/p>\t\t\t\t\t\t<\/div>\n\t\t\t\t<\/div>\n\t\t\t\t\t<\/div>\n\t\t<\/div>\n\t\t\t\t\t\t\t<\/div>\n\t\t<\/section>\n\t\t\t\t<section data-particle_enable=\"false\" data-particle-mobile-disabled=\"false\" class=\"elementor-section elementor-top-section elementor-element elementor-element-53c5cb2 vyn-table elementor-section-boxed elementor-section-height-default elementor-section-height-default\" data-id=\"53c5cb2\" data-element_type=\"section\">\n\t\t\t\t\t\t<div class=\"elementor-container elementor-column-gap-no\">\n\t\t\t\t\t<div class=\"elementor-column elementor-col-100 elementor-top-column elementor-element elementor-element-72b229d\" data-id=\"72b229d\" data-element_type=\"column\">\n\t\t\t<div class=\"elementor-widget-wrap elementor-element-populated\">\n\t\t\t\t\t\t\t\t<div class=\"elementor-element elementor-element-5ee63a5 elementor-widget elementor-widget-eael-advanced-data-table\" data-id=\"5ee63a5\" data-element_type=\"widget\" data-widget_type=\"eael-advanced-data-table.default\">\n\t\t\t\t<div class=\"elementor-widget-container\">\n\t\t\t<div class=\"ea-advanced-data-table-wrap\" data-id=\"5ee63a5\"><div class=\"ea-advanced-data-table-wrap-inner\">\n                <table class=\"ea-advanced-data-table ea-advanced-data-table-google ea-advanced-data-table-5ee63a5\" data-id=\"5ee63a5\"><thead><tr><th><\/th><th><\/th><th><\/th><th><\/th><th><\/th><th><\/th><\/tr><\/thead><tbody><tr><td>jNQ<\/td><td><\/td><td><\/td><td><\/td><td><\/td><td><\/td><\/tr><tr><td>Major Version<\/td><td>Support Version<\/td><td>Release Date<\/td><td>Release Age<\/td><td>End Of Life (EOL)<\/td><td>Time to EOL<\/td><\/tr><tr><td><a href=\"https:\/\/visualitynq.com\/resources\/news\/new-release-jnq-2-7-0\/\" target=\"_blank\">2.7.x<\/a><\/td><td>2.7.1<\/td><td>01\/05\/2026<\/td><td>3 months <\/td><td>01\/05\/2029<\/td><td>2 years 9 months 0 day<\/td><\/tr><tr><td><a href=\"https:\/\/visualitynq.com\/resources\/news\/new-release-jnq-2-6-0\/\" target=\"_blank\">2.6.x<\/a><\/td><td>2.6.3<\/td><td>03\/03\/2025<\/td><td>1 years 1 months 2 days<\/td><td>03\/03\/2028<\/td><td>1 year 10 months 27 days<\/td><\/tr><tr><td><a href=\"https:\/\/visualitynq.com\/resources\/news\/new-release-jnq-2-5-0\/\" target=\"_blank\">2.5.x<\/a><\/td><td>2.5.6<\/td><td>06\/10\/2024<\/td><td>1 years 9 months 26 days<\/td><td>06\/10\/2027<\/td><td>1 year 2 months 5 days<\/td><\/tr><tr><td><a href=\"https:\/\/visualitynq.com\/resources\/news\/new-release-jnq-2-4-0\/\" target=\"_blank\">2.4.x<\/a><\/td><td>2.4.5<\/td><td>10\/11\/2023<\/td><td>2 years 5 months 25 days<\/td><td>10\/11\/2026<\/td><td>6 months 6 days<\/td><\/tr><tr><td><a href=\"https:\/\/visualitynq.com\/resources\/news\/new-release-jnq-2-3-0\/\" target=\"_blank\">2.3.x<\/a><\/td><td>2.3.3<\/td><td>05\/11\/2023<\/td><td>2 years 10 months 25 days<\/td><td>05\/11\/2026<\/td><td>1 month 6 days<\/td><\/tr><tr><td><a href=\"https:\/\/visualitynq.com\/resources\/news\/new-release-jnq-2-2-0\/\" target=\"_blank\">2.2.x<\/a><\/td><td>2.2.1<\/td><td>12\/28\/2022<\/td><td>More than 3 years<\/td><td>12\/28\/2025<\/td><td>Discontinued<\/td><\/tr><tr><td>2.1.x<\/td><td>2.1.2<\/td><td>09\/07\/2022<\/td><td>More than 3 years<\/td><td>09\/07\/2025<\/td><td>Discontinued<\/td><\/tr><tr><td>2.0.x<\/td><td>2.0.3<\/td><td>02\/28\/2022<\/td><td>More than 3 years<\/td><td>02\/28\/2025<\/td><td>Discontinued<\/td><\/tr><tr><td>1.5.x<\/td><td>1.5.2<\/td><td>11\/15\/2021<\/td><td>More than 3 years<\/td><td>11\/15\/2024<\/td><td>Discontinued<\/td><\/tr><tr><td>1.4.x<\/td><td>1.4.2<\/td><td>08\/12\/2021<\/td><td>More than 3 years<\/td><td>08\/12\/2024<\/td><td>Discontinued<\/td><\/tr><tr><td>1.3.x<\/td><td>1.3.8<\/td><td>08\/31\/2020<\/td><td>More than 3 years<\/td><td>08\/31\/2023<\/td><td>Discontinued<\/td><\/tr><\/tbody><\/table>\n            <\/div><\/div>\t\t<\/div>\n\t\t\t\t<\/div>\n\t\t\t\t\t<\/div>\n\t\t<\/div>\n\t\t\t\t\t\t\t<\/div>\n\t\t<\/section>\n\t\t\t\t\t\t\t<\/div>\n\t\t","protected":false},"excerpt":{"rendered":"<p>Unterst\u00fctzte Releases UNTERST\u00dcTZTE RELEASES &#8211; YNQ Jede Hauptversion von YNQ wird ab ihrem Ver\u00f6ffentlichungsdatum f\u00fcr drei Jahre vollst\u00e4ndig unterst\u00fctzt. W\u00e4hrend der dreij\u00e4hrigen Lebensdauer einer Hauptversion werden kleinere Verbesserungen, Sicherheitsprobleme und gemeldete Fehlerbehebungen in regelm\u00e4\u00dfigen Support-Versionen ver\u00f6ffentlicht. Nach drei Jahren erreicht eine Hauptversion von YNQ ihr End-of-Life (EOL) und wird nicht mehr unterst\u00fctzt. Major Version Support [&hellip;]<\/p>\n","protected":false},"author":3,"featured_media":0,"parent":1181,"menu_order":0,"comment_status":"closed","ping_status":"closed","template":"","meta":{"footnotes":""},"class_list":["post-823","page","type-page","status-publish","hentry"],"yoast_head":"<!-- This site is optimized with the Yoast SEO plugin v25.9 - https:\/\/yoast.com\/wordpress\/plugins\/seo\/ -->\n<title>Unterstutzte Releases - Visualitynq Deutsch<\/title>\n<meta name=\"robots\" content=\"index, follow, max-snippet:-1, max-image-preview:large, max-video-preview:-1\" \/>\n<link rel=\"canonical\" href=\"https:\/\/visualitynq.com\/de\/support\/supported-versions\/\" \/>\n<meta property=\"og:locale\" content=\"de_DE\" \/>\n<meta property=\"og:type\" content=\"article\" \/>\n<meta property=\"og:title\" content=\"Unterstutzte Releases - Visualitynq Deutsch\" \/>\n<meta property=\"og:description\" content=\"Unterst\u00fctzte Releases UNTERST\u00dcTZTE RELEASES &#8211; YNQ Jede Hauptversion von YNQ wird ab ihrem Ver\u00f6ffentlichungsdatum f\u00fcr drei Jahre vollst\u00e4ndig unterst\u00fctzt. W\u00e4hrend der dreij\u00e4hrigen Lebensdauer einer Hauptversion werden kleinere Verbesserungen, Sicherheitsprobleme und gemeldete Fehlerbehebungen in regelm\u00e4\u00dfigen Support-Versionen ver\u00f6ffentlicht. Nach drei Jahren erreicht eine Hauptversion von YNQ ihr End-of-Life (EOL) und wird nicht mehr unterst\u00fctzt. Major Version Support [&hellip;]\" \/>\n<meta property=\"og:url\" content=\"https:\/\/visualitynq.com\/de\/support\/supported-versions\/\" \/>\n<meta property=\"og:site_name\" content=\"Visualitynq Deutsch\" \/>\n<meta property=\"article:modified_time\" content=\"2025-12-28T13:11:09+00:00\" \/>\n<meta property=\"og:image\" content=\"https:\/\/visualitynq.com\/app\/uploads\/sites\/4\/graphics.svg\" \/>\n<meta name=\"twitter:card\" content=\"summary_large_image\" \/>\n<meta name=\"twitter:label1\" content=\"Est. reading time\" \/>\n\t<meta name=\"twitter:data1\" content=\"3 Minuten\" \/>\n<script type=\"application\/ld+json\" class=\"yoast-schema-graph\">{\"@context\":\"https:\/\/schema.org\",\"@graph\":[{\"@type\":\"WebPage\",\"@id\":\"https:\/\/visualitynq.com\/de\/support\/supported-versions\/\",\"url\":\"https:\/\/visualitynq.com\/de\/support\/supported-versions\/\",\"name\":\"Unterstutzte Releases - Visualitynq Deutsch\",\"isPartOf\":{\"@id\":\"https:\/\/visualitynq.com\/de\/#website\"},\"primaryImageOfPage\":{\"@id\":\"https:\/\/visualitynq.com\/de\/support\/supported-versions\/#primaryimage\"},\"image\":{\"@id\":\"https:\/\/visualitynq.com\/de\/support\/supported-versions\/#primaryimage\"},\"thumbnailUrl\":\"https:\/\/visualitynq.com\/app\/uploads\/sites\/4\/graphics.svg\",\"datePublished\":\"2021-11-29T12:00:21+00:00\",\"dateModified\":\"2025-12-28T13:11:09+00:00\",\"breadcrumb\":{\"@id\":\"https:\/\/visualitynq.com\/de\/support\/supported-versions\/#breadcrumb\"},\"inLanguage\":\"de-DE\",\"potentialAction\":[{\"@type\":\"ReadAction\",\"target\":[\"https:\/\/visualitynq.com\/de\/support\/supported-versions\/\"]}]},{\"@type\":\"ImageObject\",\"inLanguage\":\"de-DE\",\"@id\":\"https:\/\/visualitynq.com\/de\/support\/supported-versions\/#primaryimage\",\"url\":\"https:\/\/visualitynq.com\/app\/uploads\/sites\/4\/graphics.svg\",\"contentUrl\":\"https:\/\/visualitynq.com\/app\/uploads\/sites\/4\/graphics.svg\"},{\"@type\":\"BreadcrumbList\",\"@id\":\"https:\/\/visualitynq.com\/de\/support\/supported-versions\/#breadcrumb\",\"itemListElement\":[{\"@type\":\"ListItem\",\"position\":1,\"name\":\"Home\",\"item\":\"https:\/\/visualitynq.com\/de\/\"},{\"@type\":\"ListItem\",\"position\":2,\"name\":\"Unterstutzung\",\"item\":\"https:\/\/visualitynq.com\/de\/support\/\"},{\"@type\":\"ListItem\",\"position\":3,\"name\":\"Unterstutzte Releases\"}]},{\"@type\":\"WebSite\",\"@id\":\"https:\/\/visualitynq.com\/de\/#website\",\"url\":\"https:\/\/visualitynq.com\/de\/\",\"name\":\"Visualitynq Deutsch\",\"description\":\"\",\"publisher\":{\"@id\":\"https:\/\/visualitynq.com\/de\/#organization\"},\"potentialAction\":[{\"@type\":\"SearchAction\",\"target\":{\"@type\":\"EntryPoint\",\"urlTemplate\":\"https:\/\/visualitynq.com\/de\/?s={search_term_string}\"},\"query-input\":{\"@type\":\"PropertyValueSpecification\",\"valueRequired\":true,\"valueName\":\"search_term_string\"}}],\"inLanguage\":\"de-DE\"},{\"@type\":\"Organization\",\"@id\":\"https:\/\/visualitynq.com\/de\/#organization\",\"name\":\"Visualitynq Deutsch\",\"url\":\"https:\/\/visualitynq.com\/de\/\",\"logo\":{\"@type\":\"ImageObject\",\"inLanguage\":\"de-DE\",\"@id\":\"https:\/\/visualitynq.com\/de\/#\/schema\/logo\/image\/\",\"url\":\"https:\/\/visualitynq.com\/app\/uploads\/sites\/4\/White-Single-Line-1.png\",\"contentUrl\":\"https:\/\/visualitynq.com\/app\/uploads\/sites\/4\/White-Single-Line-1.png\",\"width\":1600,\"height\":335,\"caption\":\"Visualitynq Deutsch\"},\"image\":{\"@id\":\"https:\/\/visualitynq.com\/de\/#\/schema\/logo\/image\/\"}}]}<\/script>\n<!-- \/ Yoast SEO plugin. -->","yoast_head_json":{"title":"Unterstutzte Releases - Visualitynq Deutsch","robots":{"index":"index","follow":"follow","max-snippet":"max-snippet:-1","max-image-preview":"max-image-preview:large","max-video-preview":"max-video-preview:-1"},"canonical":"https:\/\/visualitynq.com\/de\/support\/supported-versions\/","og_locale":"de_DE","og_type":"article","og_title":"Unterstutzte Releases - Visualitynq Deutsch","og_description":"Unterst\u00fctzte Releases UNTERST\u00dcTZTE RELEASES &#8211; YNQ Jede Hauptversion von YNQ wird ab ihrem Ver\u00f6ffentlichungsdatum f\u00fcr drei Jahre vollst\u00e4ndig unterst\u00fctzt. W\u00e4hrend der dreij\u00e4hrigen Lebensdauer einer Hauptversion werden kleinere Verbesserungen, Sicherheitsprobleme und gemeldete Fehlerbehebungen in regelm\u00e4\u00dfigen Support-Versionen ver\u00f6ffentlicht. Nach drei Jahren erreicht eine Hauptversion von YNQ ihr End-of-Life (EOL) und wird nicht mehr unterst\u00fctzt. Major Version Support [&hellip;]","og_url":"https:\/\/visualitynq.com\/de\/support\/supported-versions\/","og_site_name":"Visualitynq Deutsch","article_modified_time":"2025-12-28T13:11:09+00:00","og_image":[{"url":"https:\/\/visualitynq.com\/app\/uploads\/sites\/4\/graphics.svg","type":"","width":"","height":""}],"twitter_card":"summary_large_image","twitter_misc":{"Est. reading time":"3 Minuten"},"schema":{"@context":"https:\/\/schema.org","@graph":[{"@type":"WebPage","@id":"https:\/\/visualitynq.com\/de\/support\/supported-versions\/","url":"https:\/\/visualitynq.com\/de\/support\/supported-versions\/","name":"Unterstutzte Releases - Visualitynq Deutsch","isPartOf":{"@id":"https:\/\/visualitynq.com\/de\/#website"},"primaryImageOfPage":{"@id":"https:\/\/visualitynq.com\/de\/support\/supported-versions\/#primaryimage"},"image":{"@id":"https:\/\/visualitynq.com\/de\/support\/supported-versions\/#primaryimage"},"thumbnailUrl":"https:\/\/visualitynq.com\/app\/uploads\/sites\/4\/graphics.svg","datePublished":"2021-11-29T12:00:21+00:00","dateModified":"2025-12-28T13:11:09+00:00","breadcrumb":{"@id":"https:\/\/visualitynq.com\/de\/support\/supported-versions\/#breadcrumb"},"inLanguage":"de-DE","potentialAction":[{"@type":"ReadAction","target":["https:\/\/visualitynq.com\/de\/support\/supported-versions\/"]}]},{"@type":"ImageObject","inLanguage":"de-DE","@id":"https:\/\/visualitynq.com\/de\/support\/supported-versions\/#primaryimage","url":"https:\/\/visualitynq.com\/app\/uploads\/sites\/4\/graphics.svg","contentUrl":"https:\/\/visualitynq.com\/app\/uploads\/sites\/4\/graphics.svg"},{"@type":"BreadcrumbList","@id":"https:\/\/visualitynq.com\/de\/support\/supported-versions\/#breadcrumb","itemListElement":[{"@type":"ListItem","position":1,"name":"Home","item":"https:\/\/visualitynq.com\/de\/"},{"@type":"ListItem","position":2,"name":"Unterstutzung","item":"https:\/\/visualitynq.com\/de\/support\/"},{"@type":"ListItem","position":3,"name":"Unterstutzte Releases"}]},{"@type":"WebSite","@id":"https:\/\/visualitynq.com\/de\/#website","url":"https:\/\/visualitynq.com\/de\/","name":"Visualitynq Deutsch","description":"","publisher":{"@id":"https:\/\/visualitynq.com\/de\/#organization"},"potentialAction":[{"@type":"SearchAction","target":{"@type":"EntryPoint","urlTemplate":"https:\/\/visualitynq.com\/de\/?s={search_term_string}"},"query-input":{"@type":"PropertyValueSpecification","valueRequired":true,"valueName":"search_term_string"}}],"inLanguage":"de-DE"},{"@type":"Organization","@id":"https:\/\/visualitynq.com\/de\/#organization","name":"Visualitynq Deutsch","url":"https:\/\/visualitynq.com\/de\/","logo":{"@type":"ImageObject","inLanguage":"de-DE","@id":"https:\/\/visualitynq.com\/de\/#\/schema\/logo\/image\/","url":"https:\/\/visualitynq.com\/app\/uploads\/sites\/4\/White-Single-Line-1.png","contentUrl":"https:\/\/visualitynq.com\/app\/uploads\/sites\/4\/White-Single-Line-1.png","width":1600,"height":335,"caption":"Visualitynq Deutsch"},"image":{"@id":"https:\/\/visualitynq.com\/de\/#\/schema\/logo\/image\/"}}]}},"_links":{"self":[{"href":"https:\/\/visualitynq.com\/de\/wp-json\/wp\/v2\/pages\/823","targetHints":{"allow":["GET"]}}],"collection":[{"href":"https:\/\/visualitynq.com\/de\/wp-json\/wp\/v2\/pages"}],"about":[{"href":"https:\/\/visualitynq.com\/de\/wp-json\/wp\/v2\/types\/page"}],"author":[{"embeddable":true,"href":"https:\/\/visualitynq.com\/de\/wp-json\/wp\/v2\/users\/3"}],"replies":[{"embeddable":true,"href":"https:\/\/visualitynq.com\/de\/wp-json\/wp\/v2\/comments?post=823"}],"version-history":[{"count":3,"href":"https:\/\/visualitynq.com\/de\/wp-json\/wp\/v2\/pages\/823\/revisions"}],"predecessor-version":[{"id":5821,"href":"https:\/\/visualitynq.com\/de\/wp-json\/wp\/v2\/pages\/823\/revisions\/5821"}],"up":[{"embeddable":true,"href":"https:\/\/visualitynq.com\/de\/wp-json\/wp\/v2\/pages\/1181"}],"wp:attachment":[{"href":"https:\/\/visualitynq.com\/de\/wp-json\/wp\/v2\/media?parent=823"}],"curies":[{"name":"wp","href":"https:\/\/api.w.org\/{rel}","templated":true}]}}